{"id":11,"date":"2016-03-23T17:57:27","date_gmt":"2016-03-23T17:57:27","guid":{"rendered":"https:\/\/fortaleza.wordcamp.org\/2016\/location\/"},"modified":"2016-06-21T16:56:41","modified_gmt":"2016-06-21T19:56:41","slug":"local","status":"publish","type":"page","link":"https:\/\/fortaleza.wordcamp.org\/2016\/sobre-o-evento\/local\/","title":{"rendered":"Local"},"content":{"rendered":"<h2><b>FB Ideias\u00a0<\/b><\/h2>\n<p>Centro de inova\u00e7\u00e3o da Faculdade Farias Brito. O FB Ideias \u00e9 o local escolhido para o nosso 1o WordCamp.<\/p>\n<p><a href=\"https:\/\/www.google.com\/maps\/place\/R.+Castro+Monte,+1325+-+Mucuripe,+Fortaleza+-+CE,+Brazil\/@-3.7366145,-38.4977847,15z\/data=!4m5!3m4!1s0x7c748800931d399:0xf3ca10d1bf109989!8m2!3d-3.7369373!4d-38.4858953\">Rua Castro Monte, 1325 Fortaleza, CE<\/a>\u00a0(Link do Google Maps)<br \/>\n<div class=\"googlemaps\">\n\t\t\t\t<iframe loading=\"lazy\" width=\"600\" height=\"450\" frameborder=\"0\" scrolling=\"no\" marginheight=\"0\" marginwidth=\"0\"  src=\"https:\/\/www.google.com\/maps\/embed?pb=!1m14!1m8!1m3!1d15925.346668107033!2d-38.4977847!3d-3.7366145!3m2!1i1024!2i768!4f13.1!3m3!1m2!1s0x7c748800931d399:0xf3ca10d1bf109989!2sR.%20Castro%20Monte,%201325%20-%20Mucuripe,%20Fortaleza%20-%20CE,%20Brazil!5e0!3m2!1sen!2sus!4v1466013278578\"><\/iframe>\n\t\t\t<\/div><\/p>\n<h3>Veja algumas fotos dos nossos meetups no FB Ideias.<\/h3>\n<p>&nbsp;<\/p>\n<p class=\"jetpack-slideshow-noscript robots-nocontent\">Este slideshow necessita de JavaScript.<\/p><div id=\"gallery-11-1-slideshow\" class=\"jetpack-slideshow-window jetpack-slideshow jetpack-slideshow-black\" data-trans=\"fade\" data-autostart=\"1\" data-gallery=\"[{&quot;src&quot;:&quot;https:\\\/\\\/fortaleza.wordcamp.org\\\/2016\\\/files\\\/2016\\\/03\\\/600_450956911.jpeg&quot;,&quot;id&quot;:&quot;268&quot;,&quot;title&quot;:&quot;600_450956911&quot;,&quot;alt&quot;:&quot;&quot;,&quot;caption&quot;:&quot;Meetup WordPress Fortaleza&quot;,&quot;itemprop&quot;:&quot;image&quot;},{&quot;src&quot;:&quot;https:\\\/\\\/fortaleza.wordcamp.org\\\/2016\\\/files\\\/2016\\\/03\\\/600_450956684.jpeg&quot;,&quot;id&quot;:&quot;266&quot;,&quot;title&quot;:&quot;600_450956684&quot;,&quot;alt&quot;:&quot;&quot;,&quot;caption&quot;:&quot;Meetup WordPress Fortaleza&quot;,&quot;itemprop&quot;:&quot;image&quot;},{&quot;src&quot;:&quot;https:\\\/\\\/fortaleza.wordcamp.org\\\/2016\\\/files\\\/2016\\\/03\\\/600_450956711.jpeg&quot;,&quot;id&quot;:&quot;267&quot;,&quot;title&quot;:&quot;600_450956711&quot;,&quot;alt&quot;:&quot;&quot;,&quot;caption&quot;:&quot;Meetup WordPress Fortaleza&quot;,&quot;itemprop&quot;:&quot;image&quot;},{&quot;src&quot;:&quot;https:\\\/\\\/fortaleza.wordcamp.org\\\/2016\\\/files\\\/2016\\\/03\\\/600_450956663.jpeg&quot;,&quot;id&quot;:&quot;265&quot;,&quot;title&quot;:&quot;600_450956663&quot;,&quot;alt&quot;:&quot;&quot;,&quot;caption&quot;:&quot;Meetup WordPress Fortaleza&quot;,&quot;itemprop&quot;:&quot;image&quot;},{&quot;src&quot;:&quot;https:\\\/\\\/fortaleza.wordcamp.org\\\/2016\\\/files\\\/2016\\\/03\\\/600_450956751.jpeg&quot;,&quot;id&quot;:&quot;269&quot;,&quot;title&quot;:&quot;600_450956751&quot;,&quot;alt&quot;:&quot;&quot;,&quot;caption&quot;:&quot;Meetup WordPress Fortaleza&quot;,&quot;itemprop&quot;:&quot;image&quot;},{&quot;src&quot;:&quot;https:\\\/\\\/fortaleza.wordcamp.org\\\/2016\\\/files\\\/2016\\\/03\\\/600_450956930.jpeg&quot;,&quot;id&quot;:&quot;270&quot;,&quot;title&quot;:&quot;600_450956930&quot;,&quot;alt&quot;:&quot;&quot;,&quot;caption&quot;:&quot;Meetup WordPress Fortaleza&quot;,&quot;itemprop&quot;:&quot;image&quot;}]\" itemscope itemtype=\"https:\/\/schema.org\/ImageGallery\"><\/div>\n","protected":false},"excerpt":{"rendered":"<p>FB Ideias\u00a0 Centro de inova\u00e7\u00e3o da Faculdade Farias Brito. O FB Ideias \u00e9 o local escolhido para o nosso 1o WordCamp. Rua Castro Monte, 1325 Fortaleza, CE\u00a0(Link do Google Maps) Veja algumas fotos dos nossos meetups no FB Ideias. &nbsp;<\/p>\n","protected":false},"author":10023711,"featured_media":0,"parent":120,"menu_order":0,"comment_status":"closed","ping_status":"closed","template":"","meta":{"_crdt_document":"","jetpack_post_was_ever_published":false,"footnotes":""},"class_list":["post-11","page","type-page","status-publish","hentry"],"jetpack_sharing_enabled":true,"jetpack_shortlink":"https:\/\/wp.me\/P7nbJR-b","jetpack_likes_enabled":true,"_links":{"self":[{"href":"https:\/\/fortaleza.wordcamp.org\/2016\/wp-json\/wp\/v2\/pages\/11","targetHints":{"allow":["GET"]}}],"collection":[{"href":"https:\/\/fortaleza.wordcamp.org\/2016\/wp-json\/wp\/v2\/pages"}],"about":[{"href":"https:\/\/fortaleza.wordcamp.org\/2016\/wp-json\/wp\/v2\/types\/page"}],"author":[{"embeddable":true,"href":"https:\/\/fortaleza.wordcamp.org\/2016\/wp-json\/wp\/v2\/users\/10023711"}],"replies":[{"embeddable":true,"href":"https:\/\/fortaleza.wordcamp.org\/2016\/wp-json\/wp\/v2\/comments?post=11"}],"version-history":[{"count":7,"href":"https:\/\/fortaleza.wordcamp.org\/2016\/wp-json\/wp\/v2\/pages\/11\/revisions"}],"predecessor-version":[{"id":274,"href":"https:\/\/fortaleza.wordcamp.org\/2016\/wp-json\/wp\/v2\/pages\/11\/revisions\/274"}],"up":[{"embeddable":true,"href":"https:\/\/fortaleza.wordcamp.org\/2016\/wp-json\/wp\/v2\/pages\/120"}],"wp:attachment":[{"href":"https:\/\/fortaleza.wordcamp.org\/2016\/wp-json\/wp\/v2\/media?parent=11"}],"curies":[{"name":"wp","href":"https:\/\/api.w.org\/{rel}","templated":true}]}}