{"id":120,"date":"2016-06-15T15:08:21","date_gmt":"2016-06-15T18:08:21","guid":{"rendered":"https:\/\/fortaleza.wordcamp.org\/2016\/?page_id=120"},"modified":"2016-08-01T21:29:01","modified_gmt":"2016-08-02T00:29:01","slug":"sobre-o-evento","status":"publish","type":"page","link":"https:\/\/fortaleza.wordcamp.org\/2016\/","title":{"rendered":"Sobre o WordCamp Fortaleza"},"content":{"rendered":"<p>O WordCamp \u00e9 uma confer\u00eancia originada nos Estados Unidos sobre tudo o que for relacionado ao WordPress, plataforma opensource de publica\u00e7\u00e3o de blogs e sites. S\u00e3o eventos locais organizados por comunidades de usu\u00e1rios do WordPress ao redor do mundo, onde desenvolvedores, designers, blogueiros e usu\u00e1rios casuais podem assistir palestras e apresenta\u00e7\u00f5es, trocar id\u00e9ias e se conhecer num ambiente informal.<\/p>\n<div id=\"attachment_205\" style=\"width: 690px\" class=\"wp-caption alignleft\"><img loading=\"lazy\" decoding=\"async\" aria-describedby=\"caption-attachment-205\" class=\"size-full wp-image-205\" src=\"https:\/\/fortaleza.wordcamp.org\/2016\/files\/2016\/06\/matt4WordCamp.jpg\" alt=\"Matt Mullenweg no WordCamp Brasil em 2013\" width=\"680\" height=\"664\" srcset=\"https:\/\/fortaleza.wordcamp.org\/2016\/files\/2016\/06\/matt4WordCamp.jpg 680w, https:\/\/fortaleza.wordcamp.org\/2016\/files\/2016\/06\/matt4WordCamp-300x293.jpg 300w, https:\/\/fortaleza.wordcamp.org\/2016\/files\/2016\/06\/matt4WordCamp-307x300.jpg 307w\" sizes=\"auto, (max-width: 680px) 100vw, 680px\" \/><p id=\"caption-attachment-205\" class=\"wp-caption-text\">Matt Mullenweg no WordCamp Brasil em 2009<\/p><\/div>\n<p>O primeiro WordCamp aconteceu em julho de 2006 em S\u00e3o Francisco. Foi organizado por Matt Mullenweg, criador do WordPress, em apenas tr\u00eas semanas, tornando-se um sucesso absoluto com 300 participantes. O primeiro WordCamp internacional do qual se teve not\u00edcia aconteceu em Israel no dia 25 de outubro de 2007. Desde ent\u00e3o o WordCamp se espalhou pelas capitais e principais cidades do mundo todo, como: Paris, Mil\u00e3o, T\u00f3quio, Melbourne, Sydney, Birmingham, Hamburgo e Vancouver (<a href=\"http:\/\/central.wordcamp.org\/schedule\/past-wordcamps\/\">veja lista com todos os WordCamps realizados<\/a>)<\/p>\n<p>Em 2009 foi realizado o primeiro WordCamp Brasil na cidade de S\u00e3o Paulo com a presen\u00e7a de Matt Mullenweg, desde ent\u00e3o outros 2 WordCamps foram feitos em S\u00e3o Paulo com cerca de 300 participantes, em 2015 foi realizado novamente com parceria da PUC-SP.<\/p>\n<h3>WORDPRESS NO BRASIL<\/h3>\n<p>Depois do primeiro WordCamp Brasil a comunidade come\u00e7ou a se organizar e v\u00e1rias cidades como S\u00e3o Paulo, Rio de Janeiro, Curitiba, Salvador, Porto Alegre e Belo Horizonte come\u00e7aram a articular MeetUps e a falar sobre novos WordCamps.<\/p>\n<p>Atualmente a lista de eventos exclusivos de WordPress est\u00e1 dividida em WordCamps e Meetups:<\/p>\n<h3>WordCamps<\/h3>\n<ul>\n<li><a title=\"WordCamp Belo Horizonte\" href=\"http:\/\/belohorizonte.wordcamp.org\/\">Belo Horizonte<\/a><\/li>\n<li><a title=\"WordCamp Porto Alegre\" href=\"http:\/\/portoalegre.wordcamp.org\/\">Porto Alegre<\/a><\/li>\n<li><a title=\"WordCamp Rio de Janeiro\" href=\"http:\/\/riodejaneiro.wordcamp.org\/\">Rio de Janeiro<\/a><\/li>\n<li><a title=\"WordCamp Salvador\" href=\"http:\/\/salvador.wordcamp.org\/\">Salvador<\/a><\/li>\n<li><a title=\"WordCamp S\u00e3o Paulo\" href=\"https:\/\/saopaulo.wordcamp.org\/\">S\u00e3o Paulo<\/a><\/li>\n<\/ul>\n<h2>1o WordCamp em Fortaleza<\/h2>\n<p>A id\u00e9ia surgiu em Agosto de 2015 quando realizamos o 1o <a href=\"http:\/\/www.meetup.com\/wpfortaleza\/\">Meetup de WordPress em Fortaleza<\/a> na UFC. Na ocasi\u00e3o muita gente compareceu.<\/p>\n<div id=\"attachment_147\" style=\"width: 610px\" class=\"wp-caption aligncenter\"><img loading=\"lazy\" decoding=\"async\" aria-describedby=\"caption-attachment-147\" class=\"wp-image-147 size-full\" src=\"https:\/\/fortaleza.wordcamp.org\/2016\/files\/2016\/06\/600_446126917.jpeg\" alt=\"600_446126917\" width=\"600\" height=\"232\" srcset=\"https:\/\/fortaleza.wordcamp.org\/2016\/files\/2016\/06\/600_446126917.jpeg 600w, https:\/\/fortaleza.wordcamp.org\/2016\/files\/2016\/06\/600_446126917-300x116.jpeg 300w, https:\/\/fortaleza.wordcamp.org\/2016\/files\/2016\/06\/600_446126917-500x193.jpeg 500w\" sizes=\"auto, (max-width: 600px) 100vw, 600px\" \/><p id=\"caption-attachment-147\" class=\"wp-caption-text\">Meetup de WordPress em Fortaleza. Agosto\/2015<\/p><\/div>\n<p>Desde ent\u00e3o regularmente a comunidade local tem, de forma volunt\u00e1ria, organizado mensalmente reuni\u00f5es para falar sobre essa poderosa ferramenta de gerenciamento de conte\u00fado.<\/p>\n<ul>\n<li>\n<h3><strong><a href=\"https:\/\/fortaleza.wordcamp.org\/2016\/ingressos\/\">Quer assistir as palestras? Clique aqui para\u00a0comprar seu ingresso<\/a>.<\/strong><\/h3>\n<\/li>\n<li>\n<h3><strong><a href=\"https:\/\/fortaleza.wordcamp.org\/2016\/patrocinadores\/patrocine-o-wordcamp-fortaleza\/\">Quer patrocinar? Entre em contato aqui<\/a>.<\/strong><\/h3>\n<\/li>\n<li>\n<h3><a href=\"https:\/\/fortaleza.wordcamp.org\/2016\/2016\/06\/15\/call-for-volunteers\/\"><strong>Gostaria de ser um dos volunt\u00e1rios? \u00c9 simples, preencha esse formul\u00e1rio.<\/strong><\/a><\/h3>\n<\/li>\n<li>\n<h3><strong><a href=\"https:\/\/fortaleza.wordcamp.org\/2016\/perguntas-e-respostas-frequentes\/\">Quer mais informa\u00e7\u00f5es sobre o evento? Leia nossa p\u00e1gina de perguntas e resposta frequentes.<\/a><\/strong><\/h3>\n<\/li>\n<\/ul>\n<p>&nbsp;<\/p>\n","protected":false},"excerpt":{"rendered":"<p>O WordCamp \u00e9 uma confer\u00eancia originada nos Estados Unidos sobre tudo o que for relacionado ao WordPress, plataforma opensource de publica\u00e7\u00e3o de blogs e sites. S\u00e3o eventos locais organizados por comunidades de usu\u00e1rios do WordPress ao redor do mundo, onde &hellip; <a href=\"https:\/\/fortaleza.wordcamp.org\/2016\/\">Continue lendo <span class=\"assistive-text\">Sobre o WordCamp Fortaleza<\/span>  <span class=\"meta-nav\">&rarr;<\/span><\/a><\/p>\n","protected":false},"author":10023711,"featured_media":0,"parent":0,"menu_order":0,"comment_status":"closed","ping_status":"closed","template":"","meta":{"_crdt_document":"","footnotes":""},"class_list":["post-120","page","type-page","status-publish","hentry"],"jetpack_sharing_enabled":true,"jetpack_shortlink":"https:\/\/wp.me\/P7nbJR-1W","jetpack_likes_enabled":true,"_links":{"self":[{"href":"https:\/\/fortaleza.wordcamp.org\/2016\/wp-json\/wp\/v2\/pages\/120","targetHints":{"allow":["GET"]}}],"collection":[{"href":"https:\/\/fortaleza.wordcamp.org\/2016\/wp-json\/wp\/v2\/pages"}],"about":[{"href":"https:\/\/fortaleza.wordcamp.org\/2016\/wp-json\/wp\/v2\/types\/page"}],"author":[{"embeddable":true,"href":"https:\/\/fortaleza.wordcamp.org\/2016\/wp-json\/wp\/v2\/users\/10023711"}],"replies":[{"embeddable":true,"href":"https:\/\/fortaleza.wordcamp.org\/2016\/wp-json\/wp\/v2\/comments?post=120"}],"version-history":[{"count":18,"href":"https:\/\/fortaleza.wordcamp.org\/2016\/wp-json\/wp\/v2\/pages\/120\/revisions"}],"predecessor-version":[{"id":1065,"href":"https:\/\/fortaleza.wordcamp.org\/2016\/wp-json\/wp\/v2\/pages\/120\/revisions\/1065"}],"wp:attachment":[{"href":"https:\/\/fortaleza.wordcamp.org\/2016\/wp-json\/wp\/v2\/media?parent=120"}],"curies":[{"name":"wp","href":"https:\/\/api.w.org\/{rel}","templated":true}]}}