{"id":13,"date":"2016-06-21T20:12:55","date_gmt":"2016-06-21T23:12:55","guid":{"rendered":"https:\/\/fortaleza.wordcamp.org\/2016\/?page_id=13"},"modified":"2016-08-20T07:57:46","modified_gmt":"2016-08-20T10:57:46","slug":"ingressos","status":"publish","type":"page","link":"https:\/\/fortaleza.wordcamp.org\/2016\/ingressos\/","title":{"rendered":"Comprar Ingressos WordCamp Fortaleza"},"content":{"rendered":"<h2>ATEN\u00c7\u00c3O: A partir do dia 3 de Agosto n\u00e3o ser\u00e1 mais poss\u00edvel escolher tamanho da camisa e nem tipo de almo\u00e7o. Pagamentos apenas via cart\u00e3o de cr\u00e9dito. Garanta j\u00e1 o seu lugar. Vagas limitadas e \u00faltimos ingressos a baixo:<\/h2>\n<a href=\"https:\/\/fortaleza.wordcamp.org\/2016\/ingressos\/\">Please view this page in a browser to purchase or manage tickets.<\/a>\n","protected":false},"excerpt":{"rendered":"<p>ATEN\u00c7\u00c3O: A partir do dia 3 de Agosto n\u00e3o ser\u00e1 mais poss\u00edvel escolher tamanho da camisa e nem tipo de almo\u00e7o. Pagamentos apenas via cart\u00e3o de cr\u00e9dito. Garanta j\u00e1 o seu lugar. Vagas limitadas e \u00faltimos ingressos a baixo:<\/p>\n","protected":false},"author":10023711,"featured_media":991,"parent":0,"menu_order":0,"comment_status":"closed","ping_status":"closed","template":"","meta":{"_crdt_document":"","jetpack_post_was_ever_published":false,"footnotes":""},"class_list":["post-13","page","type-page","status-publish","has-post-thumbnail","hentry"],"jetpack_sharing_enabled":true,"jetpack_shortlink":"https:\/\/wp.me\/P7nbJR-d","jetpack_likes_enabled":true,"_links":{"self":[{"href":"https:\/\/fortaleza.wordcamp.org\/2016\/wp-json\/wp\/v2\/pages\/13","targetHints":{"allow":["GET"]}}],"collection":[{"href":"https:\/\/fortaleza.wordcamp.org\/2016\/wp-json\/wp\/v2\/pages"}],"about":[{"href":"https:\/\/fortaleza.wordcamp.org\/2016\/wp-json\/wp\/v2\/types\/page"}],"author":[{"embeddable":true,"href":"https:\/\/fortaleza.wordcamp.org\/2016\/wp-json\/wp\/v2\/users\/10023711"}],"replies":[{"embeddable":true,"href":"https:\/\/fortaleza.wordcamp.org\/2016\/wp-json\/wp\/v2\/comments?post=13"}],"version-history":[{"count":9,"href":"https:\/\/fortaleza.wordcamp.org\/2016\/wp-json\/wp\/v2\/pages\/13\/revisions"}],"predecessor-version":[{"id":1396,"href":"https:\/\/fortaleza.wordcamp.org\/2016\/wp-json\/wp\/v2\/pages\/13\/revisions\/1396"}],"wp:featuredmedia":[{"embeddable":true,"href":"https:\/\/fortaleza.wordcamp.org\/2016\/wp-json\/wp\/v2\/media\/991"}],"wp:attachment":[{"href":"https:\/\/fortaleza.wordcamp.org\/2016\/wp-json\/wp\/v2\/media?parent=13"}],"curies":[{"name":"wp","href":"https:\/\/api.w.org\/{rel}","templated":true}]}}