{"id":136,"date":"2016-06-15T15:25:19","date_gmt":"2016-06-15T18:25:19","guid":{"rendered":"https:\/\/fortaleza.wordcamp.org\/2016\/?page_id=136"},"modified":"2016-06-27T17:23:31","modified_gmt":"2016-06-27T20:23:31","slug":"guia-de-sobrevivencia","status":"publish","type":"page","link":"https:\/\/fortaleza.wordcamp.org\/2016\/guia-de-sobrevivencia\/","title":{"rendered":"Guia de Sobreviv\u00eancia"},"content":{"rendered":"<h2>COMO CHEGAR?<\/h2>\n<ul>\n<li><a href=\"https:\/\/goo.gl\/neKKBu\">Do Aeroporto para o WordCamp Fortaleza<\/a>\u00a0(25 minutos de carro*)<\/li>\n<li><a href=\"https:\/\/goo.gl\/kusp4m\">Da Rodovi\u00e1ria para o WordCamp Fortaleza<\/a>\u00a0(20 minutos de carro*)<\/li>\n<li><a href=\"https:\/\/goo.gl\/0UdyXl\">Da Beira-Mar para o WordCamp Fortaleza<\/a> (8 minutos de carro*)\n<pre>*Considerando condi\u00e7\u00f5es de tr\u00e1fego normais e fora do hor\u00e1rio de rush.<\/pre>\n<\/li>\n<\/ul>\n<h2>ONDE\u00a0SE HOSPEDAR?<\/h2>\n<p><a href=\"http:\/\/www.oasisatlantico.com\/pt\/fortaleza\/\"><img loading=\"lazy\" decoding=\"async\" class=\"aligncenter size-full wp-image-251\" src=\"https:\/\/fortaleza.wordcamp.org\/2016\/files\/2016\/06\/oasis_atl\u00e2ntico.jpg\" alt=\"oasis_atl\u00e2ntico\" width=\"1020\" height=\"300\" srcset=\"https:\/\/fortaleza.wordcamp.org\/2016\/files\/2016\/06\/oasis_atl\u00e2ntico.jpg 1020w, https:\/\/fortaleza.wordcamp.org\/2016\/files\/2016\/06\/oasis_atl\u00e2ntico-300x88.jpg 300w, https:\/\/fortaleza.wordcamp.org\/2016\/files\/2016\/06\/oasis_atl\u00e2ntico-768x226.jpg 768w, https:\/\/fortaleza.wordcamp.org\/2016\/files\/2016\/06\/oasis_atl\u00e2ntico-500x147.jpg 500w, https:\/\/fortaleza.wordcamp.org\/2016\/files\/2016\/06\/oasis_atl\u00e2ntico-1000x294.jpg 1000w\" sizes=\"auto, (max-width: 1020px) 100vw, 1020px\" \/><\/a><\/p>\n<ul>\n<li>A melhor op\u00e7\u00e3o \u00e9 o <strong><a href=\"http:\/\/www.oasisatlantico.com\/en\/fortaleza\">Hotel\u00a0O\u00e1sis\u00a0Atl\u00e2ntico<\/a><\/strong>\u00a0(foto acima) que fez uma promo\u00e7\u00e3o especial e esclusiva para os participantes do WordCamp Fortaleza de outros estados. Aguardem mais detalhes em breve.<\/li>\n<li>O <a href=\"https:\/\/www.airbnb.com\/s\/Fortaleza--Brazil?s_tag=sHMkU8E0\">site airbnb<\/a> \u00e9 muito ativo e tem a 2a melhor op\u00e7\u00e3o de hospedagem.<\/li>\n<li>Para saber outras boas op\u00e7\u00f5es de hospedagem em Fortaleza veja o site <a href=\"https:\/\/www.tripadvisor.com.br\/Hotels-g303293-Fortaleza_State_of_Ceara-Hotels.html\">tripadvisor<\/a>.<\/li>\n<\/ul>\n<h2>O QUE FAZER EM FORTALEZA?<\/h2>\n<p><img loading=\"lazy\" decoding=\"async\" class=\"size-full wp-image-77 aligncenter\" src=\"https:\/\/fortaleza.wordcamp.org\/2016\/files\/2016\/05\/cropped-cropped-full_6849315-1.jpeg\" alt=\"cropped-cropped-full_6849315-1.jpeg\" width=\"940\" height=\"198\" srcset=\"https:\/\/fortaleza.wordcamp.org\/2016\/files\/2016\/05\/cropped-cropped-full_6849315-1.jpeg 940w, https:\/\/fortaleza.wordcamp.org\/2016\/files\/2016\/05\/cropped-cropped-full_6849315-1-300x63.jpeg 300w, https:\/\/fortaleza.wordcamp.org\/2016\/files\/2016\/05\/cropped-cropped-full_6849315-1-768x162.jpeg 768w, https:\/\/fortaleza.wordcamp.org\/2016\/files\/2016\/05\/cropped-cropped-full_6849315-1-500x105.jpeg 500w\" sizes=\"auto, (max-width: 940px) 100vw, 940px\" \/><\/p>\n<p>&nbsp;<\/p>\n<p>As praias s\u00e3o a principal atra\u00e7\u00e3o da\u00a0ensolarada Fortaleza, em r\u00e1pido desenvolvimento (2,5 milh\u00f5es de habitantes), a 4a maior cidade do Brasil \u00e9 particularmente bo\u00eamia: a linda Iracema, a bela Meireles, ideal para fam\u00edlias, Mucuripe, base de pesca e passeios de barco e a tranquila Praia do Futuro. As barracas no Mercado Central ou na Feirinha Beira Mar transbordam com o artesanato local, de cer\u00e2mica a artigos em croch\u00ea e couro. A Fortaleza de Nossa Senhora da Assun\u00e7\u00e3o, constru\u00edda pelos holandeses no centro da cidade em 1649, marca o seu ponto de origem.<\/p>\n<p>Fortaleza \u00e9 tambem conhecida como uma cidade &#8220;festeira&#8221;. Existem op\u00e7\u00f5es de entretenimento de 2a a 2a. Se \u00e9 a sua primeira vez na cidade segue uma lista com 8 op\u00e7\u00f5es de lazer que escolhemos especialmente para voc\u00ea:<\/p>\n<ul>\n<li><a href=\"https:\/\/www.tripadvisor.com.br\/Attraction_Review-g303285-d2342777-Reviews-Porto_das_Dunas_Beach-Aquiraz_State_of_Ceara.html\">Porto Das Dunas<\/a>\u00a0&#8211; Um pouco afastado do centro da cidade (40 a 50 minutos) mas com \u00f3tima infra-estrutura e com o famoso &#8220;<a href=\"http:\/\/www.beachpark.com.br\/\">Beach\u00a0Park<\/a>&#8220;. Pre\u00e7o: $$$<\/li>\n<li><a href=\"https:\/\/www.tripadvisor.com.br\/Attraction_Review-g303293-d6514519-Reviews-Feirinha_Beira_Mar-Fortaleza_State_of_Ceara.html\">Ferinha da Beira Mar<\/a> &#8211; Um dos mais famosos cart\u00f5es postais da cidade. A feirinha tem centenas de vendedores de artesanatos e arte local. Pre\u00e7o: $<\/li>\n<li><a href=\"http:\/\/www.botecofortaleza.com.br\/\">Bar Boteco<\/a> &#8211; Se voc\u00ea gosta de um chop gelado e petiscos com m\u00fasica ao vivo o Boteco Praia \u00e9 a op\u00e7\u00e3o ideal. Fica logo no come\u00e7o da Av. Beira Mar ent\u00e3o voc\u00ea pode ir andando da feirinha at\u00e9 o bar. $$<\/li>\n<li><a href=\"http:\/\/www.austinpub.com.br\/\">Austin Pub<\/a>\u00a0&#8211; Cure um sertanejo? Quer limpar a vista com as gatas cearenses? Austin \u00e9 o <a href=\"https:\/\/www.tripadvisor.com.br\/Attraction_Review-g303293-d7391963-Reviews-Austin_Country_Pub-Fortaleza_State_of_Ceara.html\">nightclub do momento na cidade<\/a>. Com banda ao vivo e v\u00e1rios eventos \u00e9 o local ideal para esticar a noitada. Certifique-se de chegar cedo ou vai passar um bom tempo na fila. O que n\u00e3o \u00e9 t\u00e3o ruim j\u00e1 que a paquera j\u00e1 rola do lado de fora. \ud83d\ude42 $$<\/li>\n<li><a href=\"https:\/\/www.tripadvisor.com.br\/Attraction_Review-g303293-d2342794-Reviews-Orbita_Bar-Fortaleza_State_of_Ceara.html\">\u00d3rbita Bar<\/a> &#8211; As noites de Domingo n\u00e3o seriam as mesmas sem o bar mais badalado de Fortaleza. Sempre com excelentes bandas e cantores, sua atmosfera descontraida sempre atrai um enorme p\u00fablico. Chege cedo ou vai entrentar uma grande fila. $$<\/li>\n<li><a href=\"http:\/\/crocobeach.com.br\/\">Crocobeach <\/a>&#8211; Ir \u00e0 Fortaleza e n\u00e3o saborear os deliciosos frutos do bar na praia \u00e9 como ir ao Rio de Janeiro e n\u00e3o ver o Cristo Redentor, ou ir \u00e0 Paris e n\u00e3o ver a torre Eifel. Essa barraca de praia \u00e9 a<a href=\"https:\/\/www.tripadvisor.com.br\/Attraction_Review-g303293-d6522637-Reviews-Crocobeach-Fortaleza_State_of_Ceara.html\"> n\u00famero 1 do TripAdvisor<\/a> e os coment\u00e1rios positivos fazem j\u00fas ao seu servi\u00e7o e qualidade. Value muito a pena conferir! $$<\/li>\n<li><a href=\"https:\/\/www.tripadvisor.com.br\/Restaurant_Review-g303293-d1097594-Reviews-Docentes_Decentes-Fortaleza_State_of_Ceara.html\">Docentes &amp; Decentes<\/a> &#8211; Quer comer o tradicional feij\u00e3o verde, bai\u00e3o de dois e pa\u00e7oca do Cear\u00e1? Esse restaurante oferece v\u00e1rias comidas regionais para vo\u00ea saborear as delicias da terra. $$<\/li>\n<li><a href=\"http:\/\/cocobambu.com\/unidades\/cb-beira-mar\/\">Restaurante Coco Bambu\u00a0Beira Mar<\/a> &#8211; Com uma localiza\u00e7\u00e3o privil\u00e9giada, o restaurante oferece um card\u00e1pio variado com bons pre\u00e7os. $$<\/li>\n<\/ul>\n<h3 style=\"text-align: center\"><a href=\"https:\/\/www.tripadvisor.com.br\/Attractions-g303293-Activities-Fortaleza_State_of_Ceara.html\">O site tripadvisor tem mais excelentes dicas da cidade. Confira aqui.<\/a><\/h3>\n<p>&nbsp;<\/p>\n<p>&nbsp;<\/p>\n","protected":false},"excerpt":{"rendered":"<p>COMO CHEGAR? Do Aeroporto para o WordCamp Fortaleza\u00a0(25 minutos de carro*) Da Rodovi\u00e1ria para o WordCamp Fortaleza\u00a0(20 minutos de carro*) Da Beira-Mar para o WordCamp Fortaleza (8 minutos de carro*) *Considerando condi\u00e7\u00f5es de tr\u00e1fego normais e fora do hor\u00e1rio de &hellip; <a href=\"https:\/\/fortaleza.wordcamp.org\/2016\/guia-de-sobrevivencia\/\">Continue lendo <span class=\"assistive-text\">Guia de Sobreviv\u00eancia<\/span>  <span class=\"meta-nav\">&rarr;<\/span><\/a><\/p>\n","protected":false},"author":10023711,"featured_media":59,"parent":0,"menu_order":0,"comment_status":"open","ping_status":"closed","template":"","meta":{"_crdt_document":"","jetpack_post_was_ever_published":false,"footnotes":""},"class_list":["post-136","page","type-page","status-publish","has-post-thumbnail","hentry"],"jetpack_sharing_enabled":true,"jetpack_shortlink":"https:\/\/wp.me\/P7nbJR-2c","jetpack_likes_enabled":true,"_links":{"self":[{"href":"https:\/\/fortaleza.wordcamp.org\/2016\/wp-json\/wp\/v2\/pages\/136","targetHints":{"allow":["GET"]}}],"collection":[{"href":"https:\/\/fortaleza.wordcamp.org\/2016\/wp-json\/wp\/v2\/pages"}],"about":[{"href":"https:\/\/fortaleza.wordcamp.org\/2016\/wp-json\/wp\/v2\/types\/page"}],"author":[{"embeddable":true,"href":"https:\/\/fortaleza.wordcamp.org\/2016\/wp-json\/wp\/v2\/users\/10023711"}],"replies":[{"embeddable":true,"href":"https:\/\/fortaleza.wordcamp.org\/2016\/wp-json\/wp\/v2\/comments?post=136"}],"version-history":[{"count":16,"href":"https:\/\/fortaleza.wordcamp.org\/2016\/wp-json\/wp\/v2\/pages\/136\/revisions"}],"predecessor-version":[{"id":376,"href":"https:\/\/fortaleza.wordcamp.org\/2016\/wp-json\/wp\/v2\/pages\/136\/revisions\/376"}],"wp:featuredmedia":[{"embeddable":true,"href":"https:\/\/fortaleza.wordcamp.org\/2016\/wp-json\/wp\/v2\/media\/59"}],"wp:attachment":[{"href":"https:\/\/fortaleza.wordcamp.org\/2016\/wp-json\/wp\/v2\/media?parent=136"}],"curies":[{"name":"wp","href":"https:\/\/api.w.org\/{rel}","templated":true}]}}